{"id":1117,"date":"2020-02-16T17:18:07","date_gmt":"2020-02-16T17:18:07","guid":{"rendered":"http:\/\/biomedupdate.idu.edu.tr\/?page_id=1117"},"modified":"2020-02-16T17:18:07","modified_gmt":"2020-02-16T17:18:07","slug":"bugrahan-bayram-biyografi","status":"publish","type":"page","link":"https:\/\/biomedupdate.idu.edu.tr\/index.php\/bugrahan-bayram-biyografi\/","title":{"rendered":"Bu\u011frahan Bayram &#8211; Biyografi"},"content":{"rendered":"<p><img loading=\"lazy\" decoding=\"async\" class=\"alignnone size-thumbnail wp-image-1121 aligncenter\" src=\"http:\/\/biomed1.idu.edu.tr\/wp-content\/uploads\/2020\/02\/tip-muh-bugrahan-bayram-e1581873359358-150x150.jpg\" alt=\"\" width=\"150\" height=\"150\" srcset=\"https:\/\/biomedupdate.idu.edu.tr\/wp-content\/uploads\/2020\/02\/tip-muh-bugrahan-bayram-e1581873359358-150x150.jpg 150w, https:\/\/biomedupdate.idu.edu.tr\/wp-content\/uploads\/2020\/02\/tip-muh-bugrahan-bayram-e1581873359358-300x300.jpg 300w, https:\/\/biomedupdate.idu.edu.tr\/wp-content\/uploads\/2020\/02\/tip-muh-bugrahan-bayram-e1581873359358.jpg 317w\" sizes=\"auto, (max-width: 150px) 100vw, 150px\" \/><\/p>\n<p style=\"text-align: center;\"><strong>Dr. \u00d6\u011fretim \u00dcyesi Mehmed Bu\u011frahan Bayram<\/strong><\/p>\n<p style=\"text-align: center;\"><strong>Ac\u0131badem Mehmet Ali Ayd\u0131nlar \u00dcniversitesi<\/strong><\/p>\n<p style=\"text-align: center;\"><strong>M\u00fchendislik Fak\u00fcltesi, T\u0131p M\u00fchendisli\u011fi B\u00f6l\u00fcm\u00fc<\/strong><\/p>\n<p style=\"text-align: center;\"><strong>\u00a0<\/strong><\/p>\n<p style=\"text-align: center;\"><strong>Sa\u011fl\u0131kta Yapay Zek\u00e2 Uygulamalar\u0131ndan Beklentiler<\/strong><\/p>\n<p style=\"text-align: center;\"><strong>\u00a0<\/strong><\/p>\n<p><strong>Seminer Hakk\u0131nda:<\/strong><\/p>\n<p><strong>\u00a0<\/strong>Yapay zek\u00e2 ve uygulamalar\u0131 her alanda oldu\u011fu gibi sa\u011fl\u0131k alan\u0131nda da hayat\u0131m\u0131z\u0131 do\u011frudan etkilemeye ba\u015flad\u0131. Yapay zek\u00e2dan \u00e7ok b\u00fcy\u00fck bir beklenti ve oda\u011f\u0131nda ise \u00e7ok temel bir ihtiya\u00e7 var. Hekimler kararlar\u0131n\u0131 verirken tetkikler ve muayene sonucu elde ettikleri kan\u0131tlara dayan\u0131rken ayn\u0131 zamanda sezgilerini de dinlerler. \u00c7o\u011fu klinik karar destek sistemi klinisyenin karar verme s\u00fcre\u00e7lerinde y\u00fcr\u00fctt\u00fc\u011f\u00fc ak\u0131l algoritmas\u0131na benzetilmeye \u00e7al\u0131\u015f\u0131lm\u0131\u015ft\u0131r.<\/p>\n<p>Bir insanla kar\u015f\u0131la\u015ft\u0131r\u0131ld\u0131\u011f\u0131nda,<\/p>\n<ul>\n<li>Bir bilgisayar sistemi Tecr\u00fcbe\/Anlamada daha ba\u015far\u0131l\u0131 olabilir mi?<\/li>\n<li>Bir bilgisayar sistemi Bilgelikte daha ba\u015far\u0131l\u0131 olabilir mi?<\/li>\n<\/ul>\n<p>Bu sorulara verilecek cevaplar teknolojik oldu\u011fu kadar sosyoloji ve psikoloji bilimlerini de etkiler. Asl\u0131nda, gelecekte yapay zek\u00e2 uygulamalar\u0131n\u0131n t\u00fcm\u00fcn\u00fcn ne kadar hayat\u0131m\u0131za girece\u011fi bu iki soru ile tam ba\u011flant\u0131l\u0131d\u0131r. \u0130ki soruya k\u0131sa bir cevap, \u201cYapay zek\u00e2 hayat\u0131m\u0131za biz izin verdi\u011fimiz kadar girecektir,\u201d olabilir. Peki bunun karar\u0131n\u0131 vermek ger\u00e7ekten son kullan\u0131c\u0131lara kal\u0131yor mu? Bu tip sorulara verilecek yan\u0131tlar farkl\u0131la\u015fabilir ve herkesi mutlu etmeyecektir. Gelecekte bu teknolojilerin klinikte kullan\u0131m\u0131n\u0131n ne kadar verimli olaca\u011f\u0131n\u0131 ve herkes taraf\u0131ndan ne kadar h\u0131zl\u0131 benimsenece\u011fini Gizlilik, Eri\u015filebilirlik, G\u00fcvenlik ve Verimlilik Garantisi kapsam\u0131nda de\u011ferlendirmeliyiz.<\/p>\n<p>&nbsp;<\/p>\n<p><strong>Konu\u015fmac\u0131 Hakk\u0131nda:<\/strong><\/p>\n<p><strong>\u00a0<\/strong>Bu\u011frahan Bayram 2005 y\u0131l\u0131nda Bah\u00e7e\u015fehir \u00dcniversitesi Bilgisayar M\u00fchendisli\u011fi B\u00f6l\u00fcm\u00fc\u2019nden mezun olmu\u015f ve ard\u0131ndan y\u00fcksek lisans (Kent State \u00dcniversitesi, 2007), doktora (Cleveland State \u00dcniversitesi, 2013) ve doktora sonras\u0131 (Rutgers \u00dcniversitesi, 2014) \u00e7al\u0131\u015fmalar\u0131n\u0131 ABD\u2019de tamamlam\u0131\u015ft\u0131r. Doktora e\u011fitimi boyunca Cleveland Clinic\u2019te tam zamanl\u0131 ara\u015ft\u0131rmac\u0131 olarak \u00e7al\u0131\u015fm\u0131\u015ft\u0131r. T\u00dcB\u0130TAK B\u0130DEB 2232 Yurda D\u00f6n\u00fc\u015f Ara\u015ft\u0131rma Bursu ile T\u00fcrkiye\u2019ye d\u00f6nerek 2015 y\u0131l\u0131ndan beri Ac\u0131badem Mehmet Ali Ayd\u0131nlar \u00dcniversitesi M\u00fchendislik Fak\u00fcltesi\u2019nde \u00d6\u011fretim \u00dcyesi olarak \u00e7al\u0131\u015fmaktad\u0131r. Ara\u015ft\u0131rma konular\u0131 aras\u0131nda Yapay Zekaya ek olarak, elektron\u00f6rofizyolojik sinyal i\u015fleme, n\u00f6rorehabilitasyon ve biyomekanik (y\u00fcr\u00fcme analizi) yer almaktad\u0131r. Sa\u011fl\u0131kta yapay zek\u00e2 uygulamalar\u0131 geli\u015ftiren Ac\u0131badem \u00dcniversitesi Data Analitik Laboratuvar\u0131 (ADALAB) ortak kurucusu ve y\u00fcr\u00fct\u00fcc\u00fcs\u00fcd\u00fcr.<\/p>","protected":false},"excerpt":{"rendered":"<p>Dr. \u00d6\u011fretim \u00dcyesi Mehmed Bu\u011frahan Bayram Ac\u0131badem Mehmet Ali Ayd\u0131nlar \u00dcniversitesi M\u00fchendislik Fak\u00fcltesi, T\u0131p M\u00fchendisli\u011fi B\u00f6l\u00fcm\u00fc \u00a0 Sa\u011fl\u0131kta Yapay Zek\u00e2 Uygulamalar\u0131ndan Beklentiler \u00a0 Seminer Hakk\u0131nda: \u00a0Yapay zek\u00e2 ve uygulamalar\u0131 her alanda oldu\u011fu gibi sa\u011fl\u0131k alan\u0131nda da hayat\u0131m\u0131z\u0131 do\u011frudan etkilemeye ba\u015flad\u0131. Yapay zek\u00e2dan \u00e7ok b\u00fcy\u00fck bir beklenti ve oda\u011f\u0131nda ise \u00e7ok temel bir ihtiya\u00e7 var. Hekimler&hellip; <br \/> <a class=\"read-more\" href=\"https:\/\/biomedupdate.idu.edu.tr\/index.php\/bugrahan-bayram-biyografi\/\">Devam\u0131<\/a><\/p>\n","protected":false},"author":1,"featured_media":0,"parent":0,"menu_order":0,"comment_status":"closed","ping_status":"closed","template":"","meta":{"footnotes":""},"class_list":["post-1117","page","type-page","status-publish","hentry"],"_links":{"self":[{"href":"https:\/\/biomedupdate.idu.edu.tr\/index.php\/wp-json\/wp\/v2\/pages\/1117","targetHints":{"allow":["GET"]}}],"collection":[{"href":"https:\/\/biomedupdate.idu.edu.tr\/index.php\/wp-json\/wp\/v2\/pages"}],"about":[{"href":"https:\/\/biomedupdate.idu.edu.tr\/index.php\/wp-json\/wp\/v2\/types\/page"}],"author":[{"embeddable":true,"href":"https:\/\/biomedupdate.idu.edu.tr\/index.php\/wp-json\/wp\/v2\/users\/1"}],"replies":[{"embeddable":true,"href":"https:\/\/biomedupdate.idu.edu.tr\/index.php\/wp-json\/wp\/v2\/comments?post=1117"}],"version-history":[{"count":4,"href":"https:\/\/biomedupdate.idu.edu.tr\/index.php\/wp-json\/wp\/v2\/pages\/1117\/revisions"}],"predecessor-version":[{"id":1123,"href":"https:\/\/biomedupdate.idu.edu.tr\/index.php\/wp-json\/wp\/v2\/pages\/1117\/revisions\/1123"}],"wp:attachment":[{"href":"https:\/\/biomedupdate.idu.edu.tr\/index.php\/wp-json\/wp\/v2\/media?parent=1117"}],"curies":[{"name":"wp","href":"https:\/\/api.w.org\/{rel}","templated":true}]}}