{"id":1606,"date":"2021-11-26T12:39:28","date_gmt":"2021-11-26T12:39:28","guid":{"rendered":"http:\/\/biomedupdate.idu.edu.tr\/?page_id=1606"},"modified":"2021-11-26T12:39:28","modified_gmt":"2021-11-26T12:39:28","slug":"muhammet-yorulmaz-biyografi","status":"publish","type":"page","link":"https:\/\/biomedupdate.idu.edu.tr\/index.php\/muhammet-yorulmaz-biyografi\/","title":{"rendered":"Muhammet YORULMAZ &#8211; Biyografi"},"content":{"rendered":"<p><img loading=\"lazy\" decoding=\"async\" class=\"alignnone size-full wp-image-1614 aligncenter\" src=\"http:\/\/biomedupdate.idu.edu.tr\/wp-content\/uploads\/2021\/11\/my.jpg\" alt=\"\" width=\"154\" height=\"206\" \/><\/p>\n<p style=\"text-align: center;\">Dr. Muhammet YORULMAZ<\/p>\n<p style=\"text-align: center;\"><em>\u00a0<\/em><em>Ba\u015fkent \u00dcniversitesi<\/em><\/p>\n<p style=\"text-align: center;\"><strong>G\u00f6z izleme y\u00f6ntemleri ve g\u00fcncel teknolojiler<\/strong><\/p>\n<p>&nbsp;<\/p>\n<p><strong>Seminer Hakk\u0131nda:<\/strong><\/p>\n<p>Son y\u0131llarda, insan bilgisayar ileti\u015fiminin geli\u015ftirilme \u00e7al\u0131\u015fmalar\u0131 aras\u0131nda do\u011fal ve rahat bir ileti\u015fim sa\u011flad\u0131\u011f\u0131 i\u00e7in g\u00f6z izleme y\u00f6ntemleri de ara\u015ft\u0131rmac\u0131lar ve kullan\u0131c\u0131lar aras\u0131nda pop\u00fcler bir konu haline geline gelmi\u015ftir. Bu seminerde g\u00f6z izleme y\u00f6ntemleri hakk\u0131nda genel bilgi verildikten sonra \u00f6zelde video tabanl\u0131 g\u00f6z izleme y\u00f6ntemleri \u00fczerinde durulacak ve kullan\u0131m alanlar\u0131 \u00f6zetlenecektir. Video tabanl\u0131 g\u00f6z izleme y\u00f6ntemleri \u00fc\u00e7 a\u015famadan olu\u015fmaktad\u0131r. Birinci a\u015fama g\u00f6z ve g\u00f6z\u00fcn konumunun tespiti, ikinci a\u015fama kalibrasyon yap\u0131lmas\u0131d\u0131r. \u00dc\u00e7\u00fcnc\u00fc ve son a\u015fama ise bak\u0131\u015f\u0131n hedef konumunu ya da y\u00f6n\u00fcn\u00fc saptamakt\u0131r. Bu a\u015famalarda kullan\u0131lan y\u00f6ntemler hakk\u0131nda \u00f6zet bilgilere yer verilecektir.<\/p>\n<p>Son olarak pop\u00fcler ticari sistemler hakk\u0131nda bilgi verildikten sonra ara\u015ft\u0131rmac\u0131n\u0131n \u00fczerinde \u00e7al\u0131\u015ft\u0131\u011f\u0131 web kameras\u0131 tabanl\u0131 g\u00f6z izleme sistemi ve T\u00fcrk\u00e7e sanal klavye hakk\u0131nda bilgi verilecektir.<\/p>\n<p>&nbsp;<\/p>\n<p>&nbsp;<\/p>\n<p><strong>Konu\u015fmac\u0131 Hakk\u0131nda:<\/strong><\/p>\n<p>Muhammet YORULMAZ, doktora derecesini 2013 y\u0131l\u0131nda Gazi \u00dcniversitesi, Fen bilimleri Enstit\u00fcs\u00fc End\u00fcstriyel Teknoloji b\u00f6l\u00fcm\u00fcnden alm\u0131\u015ft\u0131r. Kendisi 1998 y\u0131l\u0131nda Ba\u015fkent \u00dcniversitesi\u2019nde \u00f6\u011fretim g\u00f6revlisi olarak \u00e7al\u0131\u015fmaya ba\u015flam\u0131\u015ft\u0131r.\u00a0 Halen Ba\u015fkent \u00dcniversitesi M\u00fchendislik Fak\u00fcltesi, End\u00fcstri M\u00fchendisli\u011fi B\u00f6l\u00fcm\u00fc\u2019nde Dr. \u00d6\u011fr. \u00dcyesi olarak \u00e7al\u0131\u015fmaya devam etmektedir. \u00c7al\u0131\u015fma alanlar\u0131 aras\u0131nda programlama, algoritmalar, resim i\u015fleme, insan bilgisayar etkile\u015fimi, karar destek sistemleri gibi konular yer almaktad\u0131r.<\/p>","protected":false},"excerpt":{"rendered":"<p>Dr. Muhammet YORULMAZ \u00a0Ba\u015fkent \u00dcniversitesi G\u00f6z izleme y\u00f6ntemleri ve g\u00fcncel teknolojiler &nbsp; Seminer Hakk\u0131nda: Son y\u0131llarda, insan bilgisayar ileti\u015fiminin geli\u015ftirilme \u00e7al\u0131\u015fmalar\u0131 aras\u0131nda do\u011fal ve rahat bir ileti\u015fim sa\u011flad\u0131\u011f\u0131 i\u00e7in g\u00f6z izleme y\u00f6ntemleri de ara\u015ft\u0131rmac\u0131lar ve kullan\u0131c\u0131lar aras\u0131nda pop\u00fcler bir konu haline geline gelmi\u015ftir. Bu seminerde g\u00f6z izleme y\u00f6ntemleri hakk\u0131nda genel bilgi verildikten sonra \u00f6zelde video&hellip; <br \/> <a class=\"read-more\" href=\"https:\/\/biomedupdate.idu.edu.tr\/index.php\/muhammet-yorulmaz-biyografi\/\">Devam\u0131<\/a><\/p>\n","protected":false},"author":1,"featured_media":0,"parent":0,"menu_order":0,"comment_status":"closed","ping_status":"closed","template":"","meta":{"footnotes":""},"class_list":["post-1606","page","type-page","status-publish","hentry"],"_links":{"self":[{"href":"https:\/\/biomedupdate.idu.edu.tr\/index.php\/wp-json\/wp\/v2\/pages\/1606","targetHints":{"allow":["GET"]}}],"collection":[{"href":"https:\/\/biomedupdate.idu.edu.tr\/index.php\/wp-json\/wp\/v2\/pages"}],"about":[{"href":"https:\/\/biomedupdate.idu.edu.tr\/index.php\/wp-json\/wp\/v2\/types\/page"}],"author":[{"embeddable":true,"href":"https:\/\/biomedupdate.idu.edu.tr\/index.php\/wp-json\/wp\/v2\/users\/1"}],"replies":[{"embeddable":true,"href":"https:\/\/biomedupdate.idu.edu.tr\/index.php\/wp-json\/wp\/v2\/comments?post=1606"}],"version-history":[{"count":1,"href":"https:\/\/biomedupdate.idu.edu.tr\/index.php\/wp-json\/wp\/v2\/pages\/1606\/revisions"}],"predecessor-version":[{"id":1615,"href":"https:\/\/biomedupdate.idu.edu.tr\/index.php\/wp-json\/wp\/v2\/pages\/1606\/revisions\/1615"}],"wp:attachment":[{"href":"https:\/\/biomedupdate.idu.edu.tr\/index.php\/wp-json\/wp\/v2\/media?parent=1606"}],"curies":[{"name":"wp","href":"https:\/\/api.w.org\/{rel}","templated":true}]}}