{"id":504,"date":"2019-07-29T19:26:20","date_gmt":"2019-07-29T19:26:20","guid":{"rendered":"http:\/\/biomedupdate.idu.edu.tr\/?page_id=504"},"modified":"2020-08-24T11:44:46","modified_gmt":"2020-08-24T11:44:46","slug":"gizem-kara-biyografi","status":"publish","type":"page","link":"https:\/\/biomedupdate.idu.edu.tr\/index.php\/gizem-kara-biyografi\/","title":{"rendered":"Gizem KARA &#8211; Biyografi"},"content":{"rendered":"<p><img loading=\"lazy\" decoding=\"async\" class=\"size-full wp-image-506 aligncenter\" src=\"http:\/\/biomed1.idu.edu.tr\/wp-content\/uploads\/2019\/07\/gizem.jpg\" alt=\"\" width=\"169\" height=\"203\" \/><\/p>\n<p style=\"text-align: center;\"><strong>Gizem KARA<\/strong><\/p>\n<p style=\"text-align: center;\"><strong>Etkin\u00a0T\u0131bbi Cihazlar Servis Tic. ve San. Ltd. \u015eti.<\/strong><\/p>\n<p>1993 y\u0131l\u0131nda \u0130zmir\u2019in Konak il\u00e7esinde do\u011fdu. 2011-2016 y\u0131llar\u0131 aras\u0131nda TOBB ET\u00dc Biyomedikal M\u00fchendisli\u011fi b\u00f6l\u00fcm\u00fcnde lisans e\u011fitimini tamamlam\u0131\u015ft\u0131r. 2016 y\u0131l\u0131nda Etkin T\u0131bbi Cihazlar firmas\u0131nda Biyomedikal M\u00fchendisi olarak g\u00f6rev alm\u0131\u015f olup 2019 y\u0131l\u0131 itibari ile \u00a0Proje ve \u0130\u015f Geli\u015ftirme Y\u00f6neticisi olarak g\u00f6rev yapmaktad\u0131r. Biyomedikal M\u00fchendisleri Derne\u011fi Y\u00f6netim Kurulu \u00fcyeli\u011fi ve SADER\u2013Yerli \u00dcretim Komisyon Ba\u015fkanl\u0131\u011f\u0131 yapmaktad\u0131r.<\/p>","protected":false},"excerpt":{"rendered":"<p>Gizem KARA Etkin\u00a0T\u0131bbi Cihazlar Servis Tic. ve San. Ltd. \u015eti. 1993 y\u0131l\u0131nda \u0130zmir\u2019in Konak il\u00e7esinde do\u011fdu. 2011-2016 y\u0131llar\u0131 aras\u0131nda TOBB ET\u00dc Biyomedikal M\u00fchendisli\u011fi b\u00f6l\u00fcm\u00fcnde lisans e\u011fitimini tamamlam\u0131\u015ft\u0131r. 2016 y\u0131l\u0131nda Etkin T\u0131bbi Cihazlar firmas\u0131nda Biyomedikal M\u00fchendisi olarak g\u00f6rev alm\u0131\u015f olup 2019 y\u0131l\u0131 itibari ile \u00a0Proje ve \u0130\u015f Geli\u015ftirme Y\u00f6neticisi olarak g\u00f6rev yapmaktad\u0131r. Biyomedikal M\u00fchendisleri Derne\u011fi Y\u00f6netim&hellip; <br \/> <a class=\"read-more\" href=\"https:\/\/biomedupdate.idu.edu.tr\/index.php\/gizem-kara-biyografi\/\">Devam\u0131<\/a><\/p>\n","protected":false},"author":1,"featured_media":0,"parent":0,"menu_order":0,"comment_status":"closed","ping_status":"closed","template":"","meta":{"footnotes":""},"class_list":["post-504","page","type-page","status-publish","hentry"],"_links":{"self":[{"href":"https:\/\/biomedupdate.idu.edu.tr\/index.php\/wp-json\/wp\/v2\/pages\/504","targetHints":{"allow":["GET"]}}],"collection":[{"href":"https:\/\/biomedupdate.idu.edu.tr\/index.php\/wp-json\/wp\/v2\/pages"}],"about":[{"href":"https:\/\/biomedupdate.idu.edu.tr\/index.php\/wp-json\/wp\/v2\/types\/page"}],"author":[{"embeddable":true,"href":"https:\/\/biomedupdate.idu.edu.tr\/index.php\/wp-json\/wp\/v2\/users\/1"}],"replies":[{"embeddable":true,"href":"https:\/\/biomedupdate.idu.edu.tr\/index.php\/wp-json\/wp\/v2\/comments?post=504"}],"version-history":[{"count":3,"href":"https:\/\/biomedupdate.idu.edu.tr\/index.php\/wp-json\/wp\/v2\/pages\/504\/revisions"}],"predecessor-version":[{"id":1246,"href":"https:\/\/biomedupdate.idu.edu.tr\/index.php\/wp-json\/wp\/v2\/pages\/504\/revisions\/1246"}],"wp:attachment":[{"href":"https:\/\/biomedupdate.idu.edu.tr\/index.php\/wp-json\/wp\/v2\/media?parent=504"}],"curies":[{"name":"wp","href":"https:\/\/api.w.org\/{rel}","templated":true}]}}