{"id":736,"date":"2019-08-08T20:07:18","date_gmt":"2019-08-08T20:07:18","guid":{"rendered":"http:\/\/biomedupdate.idu.edu.tr\/?page_id=736"},"modified":"2020-08-24T12:00:58","modified_gmt":"2020-08-24T12:00:58","slug":"ege-alkan-biyografi","status":"publish","type":"page","link":"https:\/\/biomedupdate.idu.edu.tr\/index.php\/ege-alkan-biyografi\/","title":{"rendered":"Ege ALKAN &#8211; Biyografi"},"content":{"rendered":"<p><img loading=\"lazy\" decoding=\"async\" class=\"wp-image-738 aligncenter\" src=\"http:\/\/biomed1.idu.edu.tr\/wp-content\/uploads\/2019\/08\/ege-225x300.png\" alt=\"\" width=\"110\" height=\"146\" srcset=\"https:\/\/biomedupdate.idu.edu.tr\/wp-content\/uploads\/2019\/08\/ege-225x300.png 225w, https:\/\/biomedupdate.idu.edu.tr\/wp-content\/uploads\/2019\/08\/ege.png 675w\" sizes=\"auto, (max-width: 110px) 100vw, 110px\" \/><\/p>\n<p style=\"text-align: center;\"><strong>Ege ALKAN<\/strong><\/p>\n<p style=\"text-align: center;\"><strong>Azzur Grup<\/strong><\/p>\n<p>Ege ALKAN, 1989 y\u0131l\u0131nda Ankara&#8217;da do\u011fdu. Lisans derecesini 2012 y\u0131l\u0131nda Ankara Ba\u015fkent \u00dcniversitesi Biyomedikal M\u00fchendisli\u011fi b\u00f6l\u00fcm\u00fcnden alm\u0131\u015ft\u0131r. Amerika&#8217;da y\u00fcksek \u00f6\u011frenimine devam etme karar\u0131 vermeden \u00f6nce, yapay olan benzer \u00fcr\u00fcnler \u00fczerinde iki farkl\u0131 \u015firkette klinik m\u00fchendisi olarak 2 y\u0131l boyunca \u00e7al\u0131\u015fm\u0131\u015ft\u0131r. Sekt\u00f6rdeki bu 2 y\u0131ll\u0131k s\u00fcre boyunca, bahsedilen cihazlar i\u00e7in \u00e7ok say\u0131da a\u00e7\u0131k kalp ameliyat\u0131na kat\u0131ld\u0131 ve ileti\u015fim kurman\u0131n ve hastalar\u0131n ihtiya\u00e7lar\u0131n\u0131 ger\u00e7ekten anlayabilmenin, cihazlar geli\u015ftirme tutkusu ve analitik zihniyet olarak kritik oldu\u011funu \u00f6\u011frendi. Ard\u0131ndan, Los Angeles Kaliforniya \u00dcniversitesi&#8217;nde Pazarlama e\u011fitimine ba\u015flamak i\u00e7in Los Angeles, Kaliforniya \/ ABD&#8217;ye ta\u015f\u0131nd\u0131. Mezuniyetinden k\u0131sa bir s\u00fcre sonra, Biyomedikal M\u00fchendisli\u011fi alan\u0131nda y\u00fcksek lisans derecesi i\u00e7in California Irvine \u00dcniversitesi&#8217;ne kabul edildi. Y\u00fcksek lisans tezi, kalp destek cihaz\u0131nda yeni bir sarmal y\u00f6nelimli kas\u0131lma konseptinin uygulanmas\u0131 \u00fczerineydi. Tez projesi s\u0131ras\u0131nda t\u0131bbi cihaz prototipleri olu\u015fturma ve uygulama, ex-vivo \u00e7al\u0131\u015fmalar y\u00fcr\u00fctme, tezgah testleri yapma vb. \u015fans\u0131 oldu. \u015eu anda bir t\u0131p \u015firketlerinde dan\u0131\u015fman olarak \u00e7al\u0131\u015f\u0131yor ve son projesi kardiyovask\u00fcler bir cihaz i\u00e7in Ar-Ge \u00e7al\u0131\u015fmalar\u0131n\u0131 i\u00e7eriyor. Kariyer planlar\u0131ndan baz\u0131lar\u0131, \u0130spanyolca becerilerini geli\u015ftirmenin yan\u0131 s\u0131ra Alt\u0131 Sigma ve proje y\u00f6netimi sertifikalar\u0131 almakt\u0131r.<\/p>","protected":false},"excerpt":{"rendered":"<p>Ege ALKAN Azzur Grup Ege ALKAN, 1989 y\u0131l\u0131nda Ankara&#8217;da do\u011fdu. Lisans derecesini 2012 y\u0131l\u0131nda Ankara Ba\u015fkent \u00dcniversitesi Biyomedikal M\u00fchendisli\u011fi b\u00f6l\u00fcm\u00fcnden alm\u0131\u015ft\u0131r. Amerika&#8217;da y\u00fcksek \u00f6\u011frenimine devam etme karar\u0131 vermeden \u00f6nce, yapay olan benzer \u00fcr\u00fcnler \u00fczerinde iki farkl\u0131 \u015firkette klinik m\u00fchendisi olarak 2 y\u0131l boyunca \u00e7al\u0131\u015fm\u0131\u015ft\u0131r. Sekt\u00f6rdeki bu 2 y\u0131ll\u0131k s\u00fcre boyunca, bahsedilen cihazlar i\u00e7in \u00e7ok say\u0131da&hellip; <br \/> <a class=\"read-more\" href=\"https:\/\/biomedupdate.idu.edu.tr\/index.php\/ege-alkan-biyografi\/\">Devam\u0131<\/a><\/p>\n","protected":false},"author":1,"featured_media":0,"parent":0,"menu_order":0,"comment_status":"closed","ping_status":"closed","template":"","meta":{"footnotes":""},"class_list":["post-736","page","type-page","status-publish","hentry"],"_links":{"self":[{"href":"https:\/\/biomedupdate.idu.edu.tr\/index.php\/wp-json\/wp\/v2\/pages\/736","targetHints":{"allow":["GET"]}}],"collection":[{"href":"https:\/\/biomedupdate.idu.edu.tr\/index.php\/wp-json\/wp\/v2\/pages"}],"about":[{"href":"https:\/\/biomedupdate.idu.edu.tr\/index.php\/wp-json\/wp\/v2\/types\/page"}],"author":[{"embeddable":true,"href":"https:\/\/biomedupdate.idu.edu.tr\/index.php\/wp-json\/wp\/v2\/users\/1"}],"replies":[{"embeddable":true,"href":"https:\/\/biomedupdate.idu.edu.tr\/index.php\/wp-json\/wp\/v2\/comments?post=736"}],"version-history":[{"count":5,"href":"https:\/\/biomedupdate.idu.edu.tr\/index.php\/wp-json\/wp\/v2\/pages\/736\/revisions"}],"predecessor-version":[{"id":1268,"href":"https:\/\/biomedupdate.idu.edu.tr\/index.php\/wp-json\/wp\/v2\/pages\/736\/revisions\/1268"}],"wp:attachment":[{"href":"https:\/\/biomedupdate.idu.edu.tr\/index.php\/wp-json\/wp\/v2\/media?parent=736"}],"curies":[{"name":"wp","href":"https:\/\/api.w.org\/{rel}","templated":true}]}}