{"id":97,"date":"2019-07-10T15:18:08","date_gmt":"2019-07-10T15:18:08","guid":{"rendered":"http:\/\/biomedupdate.idu.edu.tr\/?page_id=97"},"modified":"2020-09-19T06:15:47","modified_gmt":"2020-09-19T06:15:47","slug":"program","status":"publish","type":"page","link":"https:\/\/biomedupdate.idu.edu.tr\/index.php\/program\/","title":{"rendered":"Poster Sunumlar\u0131"},"content":{"rendered":"<p><\/p>\n<table>\n<tbody>\n<tr>\n<td width=\"302\"><strong>Ad\u0131 SOYADI<\/strong><\/td>\n<td width=\"302\"><strong>Poster Ba\u015fl\u0131\u011f\u0131<\/strong><\/td>\n<\/tr>\n<tr>\n<td width=\"302\">Dilek \u00c7EL\u0130K<\/td>\n<td width=\"302\"><a href=\"http:\/\/biomed1.idu.edu.tr\/wp-content\/uploads\/2020\/09\/dilek-\u00e7elik.pdf\">Hibrit \u015eekillendirme Tekni\u011fi \u0130le Biyomimetik Doku \u0130skelesi \u00dcretimi<\/a><\/td>\n<\/tr>\n<tr>\n<td width=\"302\">Rukiye YAVA\u015eER<\/td>\n<td width=\"302\"><a href=\"http:\/\/biomed1.idu.edu.tr\/wp-content\/uploads\/2020\/09\/R.-Yava\u015fer-Poster.pdf\">Papain Decorated Poly(Hema)-Chitosan Cryogel: A Novel Clarifying Biomaterial For Apple Juice<\/a><\/td>\n<\/tr>\n<tr>\n<td width=\"302\">&nbsp;<\/p>\n<p>U\u011fur K\u00d6SA<\/td>\n<td width=\"302\"><a href=\"http:\/\/biomed1.idu.edu.tr\/wp-content\/uploads\/2020\/09\/U\u011fur-K\u00d6SA-Poster.pdf\">T\u0131bbi Cihaz Alan\u0131nda Kullan\u0131lan Tek Kullan\u0131ml\u0131k Steril \u0130\u011fnelerin Penetrasyon Kuvvetine Etki Eden Fakt\u00f6rlerin \u0130ncelenmesi<\/a><\/td>\n<\/tr>\n<\/tbody>\n<\/table>\n<table style=\"height: 93px;\" width=\"857\">\n<tbody>\n<tr>\n<td width=\"302\">Merve DEREL\u0130<\/td>\n<td width=\"302\"><a href=\"http:\/\/biomed1.idu.edu.tr\/wp-content\/uploads\/2020\/09\/MerveDEREL\u0130.pdf\">PACS Sistemlerinin \u0130ncelenmesi, De\u011ferlendirilmesi ve Pazar Analizinin Yap\u0131lmas\u0131<\/a><\/td>\n<\/tr>\n<\/tbody>\n<\/table>\n<table>\n<tbody>\n<tr>\n<td width=\"302\">Sitem Merve \u015eAH\u0130N<\/td>\n<td width=\"302\"><a href=\"http:\/\/biomed1.idu.edu.tr\/wp-content\/uploads\/2020\/09\/sitem-merve2.pdf\">Invest\u0131gat\u0131on of Tramadol Hydrogel With Ultrasound On Rats<\/a><\/td>\n<\/tr>\n<tr>\n<td width=\"302\">Sitem Merve \u015eAH\u0130N<\/td>\n<td width=\"302\"><a href=\"http:\/\/biomed1.idu.edu.tr\/wp-content\/uploads\/2020\/09\/sitem-merve1.pdf\">D\u00fc\u015f\u00fck Frekansl\u0131 Sonoforez Uygulamas\u0131yla Tramadol Hidrojelin Penetrasyonu<\/a><\/td>\n<\/tr>\n<\/tbody>\n<\/table>\n<table>\n<tbody>\n<tr>\n<td width=\"302\">Dicle ERDEN<\/td>\n<td width=\"302\"><a href=\"http:\/\/biomed1.idu.edu.tr\/wp-content\/uploads\/2020\/09\/Dicle-\u0130D\u00dc.B\u0130YOMED.poster.pdf\">Hibrit Nanobiyomalzemeler Kullan\u0131larak Kemik Doku \u0130skelelerinin Geli\u015ftirilmesi Ve Karakterizasyonu<\/a><\/td>\n<\/tr>\n<\/tbody>\n<\/table>\n<table>\n<tbody>\n<tr>\n<td width=\"302\">M\u00fcjde KIVAN\u00c7<\/td>\n<td width=\"302\"><a href=\"http:\/\/biomed1.idu.edu.tr\/wp-content\/uploads\/2020\/09\/M\u00fcjde-K\u0131van\u00e7-Poster.pdf\">Preanalitik S\u00fcre\u00e7te Meydana Gelen Hatalar\u0131n Rutin Biyokimyasal ve Hormonal Parametrelerdeki Etkileri<\/a><\/td>\n<\/tr>\n<\/tbody>\n<\/table>\n<p><\/p>","protected":false},"excerpt":{"rendered":"<p>Ad\u0131 SOYADI Poster Ba\u015fl\u0131\u011f\u0131 Dilek \u00c7EL\u0130K Hibrit \u015eekillendirme Tekni\u011fi \u0130le Biyomimetik Doku \u0130skelesi \u00dcretimi Rukiye YAVA\u015eER Papain Decorated Poly(Hema)-Chitosan Cryogel: A Novel Clarifying Biomaterial For Apple Juice &nbsp; U\u011fur K\u00d6SA T\u0131bbi Cihaz Alan\u0131nda Kullan\u0131lan Tek Kullan\u0131ml\u0131k Steril \u0130\u011fnelerin Penetrasyon Kuvvetine Etki Eden Fakt\u00f6rlerin \u0130ncelenmesi Merve DEREL\u0130 PACS Sistemlerinin \u0130ncelenmesi, De\u011ferlendirilmesi ve Pazar Analizinin Yap\u0131lmas\u0131 Sitem&hellip; <br \/> <a class=\"read-more\" href=\"https:\/\/biomedupdate.idu.edu.tr\/index.php\/program\/\">Devam\u0131<\/a><\/p>\n","protected":false},"author":1,"featured_media":0,"parent":0,"menu_order":0,"comment_status":"closed","ping_status":"closed","template":"","meta":{"footnotes":""},"class_list":["post-97","page","type-page","status-publish","hentry"],"_links":{"self":[{"href":"https:\/\/biomedupdate.idu.edu.tr\/index.php\/wp-json\/wp\/v2\/pages\/97","targetHints":{"allow":["GET"]}}],"collection":[{"href":"https:\/\/biomedupdate.idu.edu.tr\/index.php\/wp-json\/wp\/v2\/pages"}],"about":[{"href":"https:\/\/biomedupdate.idu.edu.tr\/index.php\/wp-json\/wp\/v2\/types\/page"}],"author":[{"embeddable":true,"href":"https:\/\/biomedupdate.idu.edu.tr\/index.php\/wp-json\/wp\/v2\/users\/1"}],"replies":[{"embeddable":true,"href":"https:\/\/biomedupdate.idu.edu.tr\/index.php\/wp-json\/wp\/v2\/comments?post=97"}],"version-history":[{"count":66,"href":"https:\/\/biomedupdate.idu.edu.tr\/index.php\/wp-json\/wp\/v2\/pages\/97\/revisions"}],"predecessor-version":[{"id":1419,"href":"https:\/\/biomedupdate.idu.edu.tr\/index.php\/wp-json\/wp\/v2\/pages\/97\/revisions\/1419"}],"wp:attachment":[{"href":"https:\/\/biomedupdate.idu.edu.tr\/index.php\/wp-json\/wp\/v2\/media?parent=97"}],"curies":[{"name":"wp","href":"https:\/\/api.w.org\/{rel}","templated":true}]}}